{"id":16,"date":"2012-09-11T21:04:37","date_gmt":"2012-09-11T21:04:37","guid":{"rendered":"http:\/\/visualarte-lab.umh.es\/jose-maldonado-gomez\/"},"modified":"2012-09-11T21:07:37","modified_gmt":"2012-09-11T21:07:37","slug":"jose-maldonado-gomez","status":"publish","type":"page","link":"https:\/\/visualarte-lab.umh.es\/ca\/quienes-somos\/jose-maldonado-gomez\/","title":{"rendered":"<span lang=\"es\">(Espa\u00f1ol) Jos\u00e9 Maldonado G\u00f3mez<\/span>"},"content":{"rendered":"<p><\/p>\n<p><\/p>","protected":false},"excerpt":{"rendered":"","protected":false},"author":201,"featured_media":0,"parent":10,"menu_order":4,"comment_status":"closed","ping_status":"open","template":"","meta":{"_links_to":"","_links_to_target":""},"_links":{"self":[{"href":"https:\/\/visualarte-lab.umh.es\/ca\/wp-json\/wp\/v2\/pages\/16"}],"collection":[{"href":"https:\/\/visualarte-lab.umh.es\/ca\/wp-json\/wp\/v2\/pages"}],"about":[{"href":"https:\/\/visualarte-lab.umh.es\/ca\/wp-json\/wp\/v2\/types\/page"}],"author":[{"embeddable":true,"href":"https:\/\/visualarte-lab.umh.es\/ca\/wp-json\/wp\/v2\/users\/201"}],"replies":[{"embeddable":true,"href":"https:\/\/visualarte-lab.umh.es\/ca\/wp-json\/wp\/v2\/comments?post=16"}],"version-history":[{"count":0,"href":"https:\/\/visualarte-lab.umh.es\/ca\/wp-json\/wp\/v2\/pages\/16\/revisions"}],"up":[{"embeddable":true,"href":"https:\/\/visualarte-lab.umh.es\/ca\/wp-json\/wp\/v2\/pages\/10"}],"wp:attachment":[{"href":"https:\/\/visualarte-lab.umh.es\/ca\/wp-json\/wp\/v2\/media?parent=16"}],"curies":[{"name":"wp","href":"https:\/\/api.w.org\/{rel}","templated":true}]}}